{"id":47,"date":"2020-06-25T19:40:28","date_gmt":"2020-06-25T19:40:28","guid":{"rendered":"http:\/\/avsolothurn.vsav.info\/?page_id=47"},"modified":"2020-06-26T17:35:53","modified_gmt":"2020-06-26T17:35:53","slug":"baugeschichte-krummturm","status":"publish","type":"page","link":"https:\/\/avsolothurn.vsav.info\/index.php\/baugeschichte-krummturm\/","title":{"rendered":"Der Krummturm und das kleine Inventar"},"content":{"rendered":"<p><strong>Das Erdgeschoss<\/strong><\/p>\n<p><img loading=\"lazy\" decoding=\"async\" class=\"alignleft wp-image-32 size-thumbnail\" src=\"https:\/\/avsolothurn.vsav.info\/wp-content\/uploads\/2020\/06\/krummturm1-150x150.gif\" alt=\"\" width=\"150\" height=\"150\" \/>Dieser 3,8 m hohe Stock befindet sich \u00fcber dem 10 m tiefen Verliess. Dieser Unterbau ist viereckig, da die westliche Mauerspitze des Grundrisses zugemauert wurde. Der dunkle Raum, den kein Lichtstrahl von aussen erreicht, ist nur durch ein enges, rechteckiges Einstiegsloch im Boden des Erdgeschosses zug\u00e4nglich. Alle \u00fcbrigen R\u00e4ume entsprechen dem F\u00fcnfeck des Turmes.<\/p>\n<p>Einige Angaben zum Mauerwerk:<\/p>\n<p>Mit Ausnahme der 1 m dicken Mauer der Basis-Front, die der Altstadt zugekehrt und daher weniger gef\u00e4hrdet war, sind die \u00fcbrigen Mauern des Unterbaues im Erdgeschoss ungef\u00e4hr 2 m dick. Die Dicke dieser Mauern nimmt nach oben kontinuierlich ab<\/p>\n<p>Basis-Front durchschnittlich noch 80 cm \u00fcbrige Mauern im 1. Stock 1,6 m und im 2. Stock 1,4 m.<\/p>\n<p>Schiessscharten sind mit Ausnahme der Basisfront in allen Mauern vorzufinden. \u00dcber dem Eingang zum Erdgeschoss und in der Nordwestfront des 2. Stocks findet man zus\u00e4tzlich jeweils eine 2 m hohe und 1,5 &#8211; 2 m breite, nach aussen hin verengte Schl\u00fcssel-Scharte vor.<\/p>\n<p>In der Nordost-Mauer des Erdgeschosses ist weiter eine Sp\u00e4hlucke zu erkennen.<\/p>\n<p>Eine 74 cm breite Holztreppe mit Blockstufen f\u00fchrt in den 1. Stock.<\/p>\n<p><strong>Waffen:<\/strong><\/p>\n<p>1 Grabenm\u00f6rser 1914-1918<\/p>\n<p>1 schweiz. Gebirgsgesch\u00fctz 1906<\/p>\n<p>div. Geschosse 1914-1918<\/p>\n<p>Geschosse in der Entstehung (Geschenk von Roll)<\/p>\n<p>Gewehre vom Z\u00fcndschloss bis Karabiner 1911<\/p>\n<p>(laut Anschriften)<\/p>\n<p>&nbsp;<\/p>\n<p><strong>Der erste Stock<\/strong><\/p>\n<p><img loading=\"lazy\" decoding=\"async\" class=\"size-thumbnail wp-image-33 alignleft\" src=\"https:\/\/avsolothurn.vsav.info\/wp-content\/uploads\/2020\/06\/krummturm2-150x150.gif\" alt=\"\" width=\"150\" height=\"150\" \/>Die 3,6 m hohe Turmstube, auch \u201eGeneral-Guisan-Stube&#8220; genannt (die Widmung des Generals im Turmbuch anl\u00e4sslich der Er\u00f6ffnung f\u00fchrte zu diesem Namen), ist mit verschiedensten Gegenst\u00e4nden ausgestattet<\/p>\n<p>Wappenscheibe von General Henri Guisan (einem ehemaligen Artilleristen!)<\/p>\n<p>Wappenscheiben von befreundeten Vereinen (Geschenke anl\u00e4sslich des 75-Jahr Jubil\u00e4ums des AVS)<\/p>\n<p>Eichentisch (Geschenk der Stadtvereine)<\/p>\n<p>Truhe (Geschenk Oberstlt Bargetzi)<\/p>\n<p>Stabellen (Geschenk der Artilleristen des AVS)<\/p>\n<p>schmiedeiserne Ampel (Geschenk AV Balsthal)<\/p>\n<p>&nbsp;<\/p>\n<p><strong>Der zweite Stock<\/strong><\/p>\n<p><img loading=\"lazy\" decoding=\"async\" class=\"size-thumbnail wp-image-34 alignleft\" src=\"https:\/\/avsolothurn.vsav.info\/wp-content\/uploads\/2020\/06\/krummturm3-150x150.gif\" alt=\"\" width=\"150\" height=\"150\" \/>Mit 4,6 m H\u00f6he ist er der h\u00f6chste Raum des Turms. In der S\u00fcdost-Ecke befindet sich die aus Fachwerk gebaute W\u00e4chterkammer.<\/p>\n<p>Die T\u00fcre ist mit einem alten, handgeschmiedeten Taschenschloss mit Vorlegestange versehen.<\/p>\n<p>Vom Kachelofen ist leider nur noch die unterste Reihe der sch\u00f6nen, gr\u00fcnen Kacheln \u00fcbriggeblieben.<\/p>\n<p>Neben dem W\u00e4chterst\u00fcbchen befand sich wahrscheinlich w\u00e4hrend etwa 100 Jahren (1544-1643) eine Schlaguhr. Es d\u00fcrfte sich dabei um die erste Uhr des Zeitglockenturmes der Altstadt gehandelt haben, die dort am 30. April 1544 abgebrochen wurde und hier wieder Verwendung fand (Ratsmanual 1544 Band 37 Seite 162). Um 1643 wiederum wurde die Uhr dann auf den \u00e4usseren Wasserturm versetzt. Die Stelle, an der die Uhr angebracht war, ist heute noch als helles, sich abhebendes Viereck an der Nordost-Front zu erkennen.<\/p>\n<p>Im 2. Geschoss befinden sich unter anderem:<\/p>\n<p>1 Tankb\u00fcchse (hergestellt in Solothurn)<\/p>\n<p>1 luftgek\u00fchles MG 1938 der deutschen Armee aus dem Polenfeldzug<\/p>\n<p>1 italienischer Bastsattel<\/p>\n<p>Dachboden<\/p>\n<p>Von hier aus geniesst man einen herrlichen Blick in die kunstvolle Konstruktion des Dachstuhls &#8211; auch heute noch als fachm\u00e4nnisches Meisterwerk anerkannt.<\/p>\n<p><a href=\"http:\/\/avsolothurn.vsav.info\/wp-content\/uploads\/2020\/06\/Der-krumme-Turm-zu-Solothurn-Maturaarbeit-2008.pdf\"><strong>MATURARBEIT \u00dcBER DEN KRUMMTURM<\/strong><\/a><\/p>\n<p>&nbsp;<\/p>\n","protected":false},"excerpt":{"rendered":"<p>Das Erdgeschoss Dieser 3,8 m hohe Stock befindet sich \u00fcber dem 10 m tiefen Verliess. Dieser Unterbau ist viereckig, da die westliche Mauerspitze des Grundrisses zugemauert wurde. Der dunkle Raum, den kein Lichtstrahl von aussen erreicht, ist nur durch ein enges, rechteckiges Einstiegsloch im Boden des Erdgeschosses zug\u00e4nglich. Alle \u00fcbrigen R\u00e4ume entsprechen dem F\u00fcnfeck des [&hellip;]<\/p>\n","protected":false},"author":1,"featured_media":0,"parent":0,"menu_order":0,"comment_status":"closed","ping_status":"closed","template":"","meta":{"footnotes":""},"class_list":["post-47","page","type-page","status-publish","hentry"],"_links":{"self":[{"href":"https:\/\/avsolothurn.vsav.info\/index.php\/wp-json\/wp\/v2\/pages\/47","targetHints":{"allow":["GET"]}}],"collection":[{"href":"https:\/\/avsolothurn.vsav.info\/index.php\/wp-json\/wp\/v2\/pages"}],"about":[{"href":"https:\/\/avsolothurn.vsav.info\/index.php\/wp-json\/wp\/v2\/types\/page"}],"author":[{"embeddable":true,"href":"https:\/\/avsolothurn.vsav.info\/index.php\/wp-json\/wp\/v2\/users\/1"}],"replies":[{"embeddable":true,"href":"https:\/\/avsolothurn.vsav.info\/index.php\/wp-json\/wp\/v2\/comments?post=47"}],"version-history":[{"count":6,"href":"https:\/\/avsolothurn.vsav.info\/index.php\/wp-json\/wp\/v2\/pages\/47\/revisions"}],"predecessor-version":[{"id":90,"href":"https:\/\/avsolothurn.vsav.info\/index.php\/wp-json\/wp\/v2\/pages\/47\/revisions\/90"}],"wp:attachment":[{"href":"https:\/\/avsolothurn.vsav.info\/index.php\/wp-json\/wp\/v2\/media?parent=47"}],"curies":[{"name":"wp","href":"https:\/\/api.w.org\/{rel}","templated":true}]}}