{"id":36,"date":"2020-06-25T19:30:06","date_gmt":"2020-06-25T19:30:06","guid":{"rendered":"http:\/\/avsolothurn.vsav.info\/?page_id=36"},"modified":"2023-02-27T12:02:42","modified_gmt":"2023-02-27T12:02:42","slug":"vereinslokal","status":"publish","type":"page","link":"https:\/\/avsolothurn.vsav.info\/index.php\/vereinslokal\/","title":{"rendered":"Vereinslokal im Krummturm"},"content":{"rendered":"<p><img loading=\"lazy\" decoding=\"async\" class=\"wp-image-87 size-medium aligncenter\" src=\"http:\/\/avsolothurn.vsav.info\/wp-content\/uploads\/2020\/06\/Kanone_Krummturm-224x300.jpg\" alt=\"\" width=\"224\" height=\"300\" srcset=\"https:\/\/avsolothurn.vsav.info\/wp-content\/uploads\/2020\/06\/Kanone_Krummturm-224x300.jpg 224w, https:\/\/avsolothurn.vsav.info\/wp-content\/uploads\/2020\/06\/Kanone_Krummturm.jpg 446w\" sizes=\"auto, (max-width: 224px) 100vw, 224px\" \/>Der Zeitpunkt des Baubeginns liegt im Dunkeln. Aufzeichnungen aus der S\u00e4ckelmeister-Rechnung von 1454 d\u00fcrften jedoch auf den Baubeginn hinweisen.<br \/>\nGegen\u00fcber der Ungewissheit bez\u00fcglich Anfang ist jedoch die Baubeendigung des Turmes bekannt.<br \/>\nFranz Haffners II. Teil \u201edess kleinen solothurnischen Schaw-Platzes&#8220; (gedruckt 1666 zu Solothurn) enth\u00e4lt auf Seite 161 die allerdings einzige bisher aufgefundene und bestimmte Angabe:<\/p>\n<p>\u201eAn 1462. Der Kaumauff &#8211; also genannt wegen dess langsamen Baws &#8211; anjetzt der Kurmb Thurn in der Vorstatt zu oberst am Eck dess Aar-Flusses &#8211; wird diss Jahr vollendet.&#8220;<\/p>\n<p>Zwar scheint der Innenausbau 1462 noch nicht beendet gewesen zu sein, denn die Solothurner Regierung (im nachfolgenden kurz S.-R. genannt) erw\u00e4hnt erst 1463 die Vergabe der \u201eB\u00fcninen und Stegen in dem Turn in der Vorstatt um 6 Guldin.&#8220;<\/p>\n<p>Erstmals in den B\u00fcchern der S.-R. von 1469\/70 st\u00f6sst man auf den eigentlichen Namen des bisher allgemein als \u201en\u00fcwen Thurn&#8220; oder nur als \u201eThurn in der Vorstatt&#8220; bezeichneten Turms:<\/p>\n<p>Conrad Speti schrieb dazu: \u201eDen Knechten und anderen Zetrinckgellt 10 Schilling &#8211; als der Kumuff gedeckt ward.&#8220; Peter Sch\u00f6ni, der Ziegler, lieferte \u201eaber (auch) uff den Thurn Kumuff 400 H\u00f6fel &#8211; thund 16 Pfund, 6 Schilling, 8 Pfennig.&#8220;<\/p>\n<p>Die S.-R. erw\u00e4hnt 1470\/71 weitere Lieferungen von Ziegeln \u201ezuo dem Thurn Kumuff.&#8220;<\/p>\n<p>Eine eindeutige Erkl\u00e4rungen f\u00fcr das Wort Kumuff ist neben der Interpretation von Franz Haffner bisher nicht gefunden worden.<\/p>\n<p>Was jedoch den schleppenden Bau betrifft, haben mit grosser Wahrscheinlichkeit die Bodenverh\u00e4ltnisse am Aareufer die Fundamentierung erschwert. Andererseits k\u00f6nnte aber auch der besonders hohe Wasserstand der Aare oder unheilvolle \u00dcberschwemmungen, wie sie nach den Urkunden und Aufzeichnungen Franz Haffners ebenfalls w\u00e4hrend der vermuteten Bauperiode vorkamen, die Verz\u00f6gerungen hervorgerufen haben.<\/p>\n<p>Der Turm selbst war eine wesentliche St\u00e4rkung der mittelalterlichen Befestigungsanlage der Stadt Solothurn. Schiessscharten berechtigen zur Annahme, dass er als eigentlicher Wehrturm bestimmt war.<\/p>\n<p>Nach dem \u201eInventarium und Verzeichnis des Gesch\u00fctzse, Harnisten und Geweeren, wie auch \u00fcbriger Munition, so dissmales in miner H. Herren Z\u00fcgh\u00fcsern und uff T\u00fcrmen befunden worden, denn 21. Decembris 1606&#8243; befand sich zu Beginn des 17. Jahrhunderts im Krummen Turm: \u201eein Falkenettly und n\u00fct drzue&#8220;.<\/p>\n<p>Der Turm war also mit einem der \u00e4ltesten Gesch\u00fctze best\u00fcckt, welche zu dieser Zeit existierten. (Falkenettly: Bocksb\u00fcchse, Feldschlange aus dem16. Jahrhundert)<\/p>\n<p><strong>Die Bauart<\/strong><\/p>\n<p>Der Name des Turms l\u00e4sst unmissverst\u00e4ndlich auf einen krummen Bau schliessen, was aber \u00fcberhaupt nicht der Fall ist. Nur das Dach erscheint von allen Seiten schief. Die eigenartige Dachform ist das Ergebnis des unregelm\u00e4ssigen F\u00fcnfecks des Turm-Grundrisses.<\/p>\n<p>Die Nordostseite des F\u00fcnfecks, als Basisfront die l\u00e4ngste Mauer, misst 10,4 Meter.<\/p>\n<p>An diese schliessen die beiden k\u00fcrzeren, die Nordwestmauer mit 5,4 m und die S\u00fcdostmauer mit 5,15 m an.<\/p>\n<p>Die West-Front mit 7,3 m sowie die S\u00fcd-Front mit 7 m schliessen das F\u00fcnfeck gegen\u00fcber der Basisfront unter einem spitzen Winkel. Die Turm-Grundfl\u00e4che betr\u00e4gt etwa 80 m2.<\/p>\n<p>Der robuste, sanft geb\u00f6schte Unterbau des Turmes ist mit Kalkstein-Buckelquadern (vermutlich aus der fr\u00fcheren Grube im Blumenstein Fegetz) verkleidet.<\/p>\n<p>Den oberen Teil des Mauerwerkes umgeben glatt zugehauene, genau eingesetzte Tuffstein-Quader, welche wahrscheinlich aus der Tuffgrube bei Leuzigen stammen.<\/p>\n<p>Die Tuffstein-Fronten sind unbedeutend zur\u00fcckgesetzt, so dass sich ein kleiner Mauerabsatz als Auflager zwischen dem 1. und 2. Stock erkennen l\u00e4sst. Diese beiden Stockwerke sind aussen durch ein Kehlgesimse getrennt Dieselbe Bauweise kommt auch unter dem Dachhelm zum Vorschein.<\/p>\n<p>Die H\u00f6he des Unterbaus betr\u00e4gt 12 Meter, jene des \u00fcbrigen Mauerwerks 8,5 Meter.<\/p>\n<p>Von den f\u00fcnf Mauerfronten steigen die Fl\u00e4chen des Spitzhelm-Daches mit eleganter Einsattelung am Helmfuss in die ausserordentliche H\u00f6he von 24 m. Durch Verschiebung der Dachspitze gegen die F\u00fcnfeck-S\u00fcdseite ist jede Dachfl\u00e4che ungleich steil abfallend.<\/p>\n<p>Die Krumm Turm Schanze geh\u00f6rt zur imposanten, f\u00fcnfzigeckigen Schanzenanlage von Solothurn, welche nach dem System des franz\u00f6sischen Marschalls und Kriegsbaumeisters Vauban von 1667-1727 rund um die Stadt errichtet wurde.<\/p>\n<p>Davon bestehen heute nur noch die Bastion St. Urs (fr\u00fcher St. Viktor) in der Altstadt und die \u201eHalb-Bastion St. Croix&#8220; in der Vorstadt.<\/p>\n<p>Von der heutigen Krumm-Turm-Schanze gelangt man \u00fcber die 6 noch bestehenden Stufen der alten Steintreppe an der S\u00fcdostfront in das Erdgeschoss des Turms.<\/p>\n<p><a href=\"https:\/\/avsolothurn.vsav.info\/wp-content\/uploads\/2023\/02\/Flyer-Vermietung-Turm-2022_def.pdf\"><strong><span style=\"color: #000000;\">Flyer Miete Vereinslokal<\/span><\/strong><\/a><\/p>\n<p><span style=\"color: #000000;\"><a style=\"color: #000000;\" href=\"https:\/\/avsolothurn.vsav.info\/wp-content\/uploads\/2023\/02\/Formular-Miete-Krumm-Turm-2022_def.pdf\">Formular Anfrage Miete (pdf)<\/a><\/span><\/p>\n<p>&nbsp;<\/p>\n<p>&nbsp;<\/p>\n","protected":false},"excerpt":{"rendered":"<p>Der Zeitpunkt des Baubeginns liegt im Dunkeln. Aufzeichnungen aus der S\u00e4ckelmeister-Rechnung von 1454 d\u00fcrften jedoch auf den Baubeginn hinweisen. Gegen\u00fcber der Ungewissheit bez\u00fcglich Anfang ist jedoch die Baubeendigung des Turmes bekannt. Franz Haffners II. Teil \u201edess kleinen solothurnischen Schaw-Platzes&#8220; (gedruckt 1666 zu Solothurn) enth\u00e4lt auf Seite 161 die allerdings einzige bisher aufgefundene und bestimmte Angabe: [&hellip;]<\/p>\n","protected":false},"author":1,"featured_media":0,"parent":0,"menu_order":0,"comment_status":"closed","ping_status":"closed","template":"","meta":{"footnotes":""},"class_list":["post-36","page","type-page","status-publish","hentry"],"_links":{"self":[{"href":"https:\/\/avsolothurn.vsav.info\/index.php\/wp-json\/wp\/v2\/pages\/36","targetHints":{"allow":["GET"]}}],"collection":[{"href":"https:\/\/avsolothurn.vsav.info\/index.php\/wp-json\/wp\/v2\/pages"}],"about":[{"href":"https:\/\/avsolothurn.vsav.info\/index.php\/wp-json\/wp\/v2\/types\/page"}],"author":[{"embeddable":true,"href":"https:\/\/avsolothurn.vsav.info\/index.php\/wp-json\/wp\/v2\/users\/1"}],"replies":[{"embeddable":true,"href":"https:\/\/avsolothurn.vsav.info\/index.php\/wp-json\/wp\/v2\/comments?post=36"}],"version-history":[{"count":13,"href":"https:\/\/avsolothurn.vsav.info\/index.php\/wp-json\/wp\/v2\/pages\/36\/revisions"}],"predecessor-version":[{"id":157,"href":"https:\/\/avsolothurn.vsav.info\/index.php\/wp-json\/wp\/v2\/pages\/36\/revisions\/157"}],"wp:attachment":[{"href":"https:\/\/avsolothurn.vsav.info\/index.php\/wp-json\/wp\/v2\/media?parent=36"}],"curies":[{"name":"wp","href":"https:\/\/api.w.org\/{rel}","templated":true}]}}