{"id":3,"date":"2020-06-25T18:45:58","date_gmt":"2020-06-25T18:45:58","guid":{"rendered":"http:\/\/avsolothurn.vsav.info\/?page_id=3"},"modified":"2026-02-27T17:56:42","modified_gmt":"2026-02-27T17:56:42","slug":"privacy-policy","status":"publish","type":"page","link":"https:\/\/avsolothurn.vsav.info\/","title":{"rendered":"Home"},"content":{"rendered":"<p><img loading=\"lazy\" decoding=\"async\" class=\"wp-image-81 size-medium aligncenter\" src=\"http:\/\/avsolothurn.vsav.info\/wp-content\/uploads\/2020\/06\/Krummturm_index-200x300.jpg\" alt=\"\" width=\"200\" height=\"300\" srcset=\"https:\/\/avsolothurn.vsav.info\/wp-content\/uploads\/2020\/06\/Krummturm_index-200x300.jpg 200w, https:\/\/avsolothurn.vsav.info\/wp-content\/uploads\/2020\/06\/Krummturm_index.jpg 300w\" sizes=\"auto, (max-width: 200px) 100vw, 200px\" \/><\/p>\r\n\r\n\r\n\r\n<p>Der Artillerieverein blickt auf eine lange Tradition und eine stolze Geschichte zur\u00fcck. Seit seiner Gr\u00fcndung im Jahre 1873 diente er als Podium f\u00fcr politische, insbesondere von milit\u00e4r- und sicherheitspolitische Anliegen. Nebst der Kameradschaft wurde auch die artilleristische Waffenkunst ausserdienstlich gepflegt. Innerhalb des Verbandes Schweizerischer Artillerievereine (VSAV) versah der AVS stets die Funktion eines Leitgestirnes.<\/p>\r\n<p>Mit der Gr\u00fcndung der Untersektion der Berittenen Artilleriemusik Solothurn (BAMS; siehe dort) im Jahre 1929 begann jener Teil der Geschichte der AVS, der die Bewahrung von Tradition und Geschichte als Mitzweck des Vereines definiert.<\/p>\r\n<p>Seit der \u00dcbernahme des \u201eKrumm-Turms&#8220; als Vereinslokal (1947) und dessen Sanierung bezieht sich dieser Mitzweck auch auf einen markanten Teil der Stadt Solothurn.<\/p>\r\n<p>Der AVS verfolgt den Zweck, das Interesse und Wissen um die Anliegen der Landesverteidigung und der Sicherheitspolitik zu vermitteln, die ausserdienstliche T\u00e4tigkeit seiner Mitglieder &#8211; namentlich im Bereich der Artillerie &#8211; zu f\u00f6rdern sowie die artilleristischen Traditionen und die Kameradschaft zu pflegen.<\/p>\r\n<p>&nbsp;<\/p>\r\n<p>&nbsp;<\/p>\r\n<p><img loading=\"lazy\" decoding=\"async\" class=\"aligncenter wp-image-117 size-medium\" src=\"https:\/\/avsolothurn.vsav.info\/wp-content\/uploads\/2020\/12\/Button_Krummturm_mieten-300x113.jpg\" alt=\"\" width=\"300\" height=\"113\" srcset=\"https:\/\/avsolothurn.vsav.info\/wp-content\/uploads\/2020\/12\/Button_Krummturm_mieten-300x113.jpg 300w, https:\/\/avsolothurn.vsav.info\/wp-content\/uploads\/2020\/12\/Button_Krummturm_mieten.jpg 472w\" sizes=\"auto, (max-width: 300px) 100vw, 300px\" \/><\/p>\r\n","protected":false},"excerpt":{"rendered":"<p>Der Artillerieverein blickt auf eine lange Tradition und eine stolze Geschichte zur\u00fcck. Seit seiner Gr\u00fcndung im Jahre 1873 diente er als Podium f\u00fcr politische, insbesondere von milit\u00e4r- und sicherheitspolitische Anliegen. Nebst der Kameradschaft wurde auch die artilleristische Waffenkunst ausserdienstlich gepflegt. Innerhalb des Verbandes Schweizerischer Artillerievereine (VSAV) versah der AVS stets die Funktion eines Leitgestirnes. Mit [&hellip;]<\/p>\n","protected":false},"author":1,"featured_media":0,"parent":0,"menu_order":0,"comment_status":"closed","ping_status":"closed","template":"","meta":{"footnotes":""},"class_list":["post-3","page","type-page","status-publish","hentry"],"_links":{"self":[{"href":"https:\/\/avsolothurn.vsav.info\/index.php\/wp-json\/wp\/v2\/pages\/3","targetHints":{"allow":["GET"]}}],"collection":[{"href":"https:\/\/avsolothurn.vsav.info\/index.php\/wp-json\/wp\/v2\/pages"}],"about":[{"href":"https:\/\/avsolothurn.vsav.info\/index.php\/wp-json\/wp\/v2\/types\/page"}],"author":[{"embeddable":true,"href":"https:\/\/avsolothurn.vsav.info\/index.php\/wp-json\/wp\/v2\/users\/1"}],"replies":[{"embeddable":true,"href":"https:\/\/avsolothurn.vsav.info\/index.php\/wp-json\/wp\/v2\/comments?post=3"}],"version-history":[{"count":20,"href":"https:\/\/avsolothurn.vsav.info\/index.php\/wp-json\/wp\/v2\/pages\/3\/revisions"}],"predecessor-version":[{"id":187,"href":"https:\/\/avsolothurn.vsav.info\/index.php\/wp-json\/wp\/v2\/pages\/3\/revisions\/187"}],"wp:attachment":[{"href":"https:\/\/avsolothurn.vsav.info\/index.php\/wp-json\/wp\/v2\/media?parent=3"}],"curies":[{"name":"wp","href":"https:\/\/api.w.org\/{rel}","templated":true}]}}